{"id":6,"date":"2015-02-17T10:53:27","date_gmt":"2015-02-17T10:53:27","guid":{"rendered":"http:\/\/ferronnerie-art-normandie.com\/?page_id=6"},"modified":"2019-04-15T19:14:00","modified_gmt":"2019-04-15T19:14:00","slug":"accueil","status":"publish","type":"page","link":"https:\/\/ferronnerie-art-normandie.com\/","title":{"rendered":"Accueil"},"content":{"rendered":"<p><img loading=\"lazy\" class=\"size-full wp-image-711 aligncenter\" src=\"http:\/\/ferronnerie-art-normandie.com\/wp-content\/uploads\/2015\/02\/DSC_0024-1.jpg\" alt=\"\" width=\"600\" height=\"400\" srcset=\"https:\/\/ferronnerie-art-normandie.com\/wp-content\/uploads\/2015\/02\/DSC_0024-1.jpg 600w, https:\/\/ferronnerie-art-normandie.com\/wp-content\/uploads\/2015\/02\/DSC_0024-1-300x200.jpg 300w\" sizes=\"(max-width: 600px) 100vw, 600px\" \/><\/p>\n<p>La ferronnerie c&rsquo;est l&rsquo;art de faire du beau avec le m\u00e9tal, \u00e0 froid par la soudure ou \u00e0 chaud avec la forge,<\/p>\n<p>En Normandie, aux portes de Paris, mes cr\u00e9ations sont uniques et r\u00e9alis\u00e9es \u00e0 la main.<\/p>\n<table style=\"border-color: #000000; background-color: #d9e324;\" border=\"rgb(242, 15, 15)\">\n<tbody>\n<tr>\n<td style=\"border-color: #f20f0f; background-color: #c4d417;\"><span style=\"color: #000000;\"><strong>MON PLUS : Je visualise le projet des clients, j&rsquo;effectue les croquis et je m&rsquo;adapte en fonction de la configuration de l&rsquo;espace. Les r\u00e9sultats, sont jusqu&rsquo;alors, conformes aux desirata des clients!<\/strong><\/span><\/td>\n<\/tr>\n<\/tbody>\n<\/table>\n<p><span style=\"line-height: 1.5;\"><img loading=\"lazy\" class=\"alignnone wp-image-708 alignleft\" src=\"http:\/\/ferronnerie-art-normandie.com\/wp-content\/uploads\/2015\/02\/foyer-de-forge.jpg\" alt=\"\" width=\"353\" height=\"235\" srcset=\"https:\/\/ferronnerie-art-normandie.com\/wp-content\/uploads\/2015\/02\/foyer-de-forge.jpg 600w, https:\/\/ferronnerie-art-normandie.com\/wp-content\/uploads\/2015\/02\/foyer-de-forge-300x200.jpg 300w\" sizes=\"(max-width: 353px) 100vw, 353px\" \/>\u00a0 \u00a0<img loading=\"lazy\" class=\"alignnone wp-image-709 alignleft\" src=\"http:\/\/ferronnerie-art-normandie.com\/wp-content\/uploads\/2015\/02\/marteau.jpg\" alt=\"\" width=\"351\" height=\"234\" srcset=\"https:\/\/ferronnerie-art-normandie.com\/wp-content\/uploads\/2015\/02\/marteau.jpg 600w, https:\/\/ferronnerie-art-normandie.com\/wp-content\/uploads\/2015\/02\/marteau-300x200.jpg 300w\" sizes=\"(max-width: 351px) 100vw, 351px\" \/><br \/>\n<\/span><\/p>\n<p>Mon grand-p\u00e8re, Gaston Desdoigts, \u00e9tait le dernier forgeron de Dreux, ma ville natale&#8230;\u00a0C&rsquo;est avec humilit\u00e9 que j&rsquo;essaie de retrouver son savoir-faire&#8230;<\/p>\n<p>C&rsquo;est sans doute en le regardant travailler des heures durant, que la passion de la forge m&rsquo;est venue.<\/p>\n<p>Le Grand-p\u00e8re Desdoigts \u00e0 l&rsquo;ouvrage\u00a0 \u00a0 \u00a0 \u00a0 \u00a0 \u00a0 \u00a0 \u00a0 \u00a0 \u00a0 \u00a0 \u00a0 \u00a0 \u00a0 \u00a0 \u00a0 \u00a0 \u00a0 \u00a0 \u00a0 \u00a0moi, quelques d\u00e9cennies plus tard<\/p>\n<p style=\"text-align: center;\"><img loading=\"lazy\" src=\"http:\/\/ferronnerie-art-normandie.com\/wp-content\/uploads\/2015\/03\/grand-p%C3%A8re-christian-300x245.jpg\" alt=\"Gaston Desdoigts, mon grand-p\u00e8re, \u00e0 sa forge\" width=\"277\" height=\"226\" \/>\u00a0 \u00a0 \u00a0 \u00a0 \u00a0 \u00a0 \u00a0 \u00a0 \u00a0 \u00a0 \u00a0 \u00a0 \u00a0 \u00a0\u00a0<a href=\"http:\/\/ferronnerie-art-normandie.com\/wp-content\/uploads\/2015\/02\/IMGP3360.jpg\" rel=\"attachment wp-att-346\"><img loading=\"lazy\" class=\"alignnone size-medium wp-image-346\" src=\"http:\/\/ferronnerie-art-normandie.com\/wp-content\/uploads\/2015\/02\/IMGP3360-300x225.jpg\" alt=\"\u00e0 la forge\" width=\"300\" height=\"225\" srcset=\"https:\/\/ferronnerie-art-normandie.com\/wp-content\/uploads\/2015\/02\/IMGP3360-300x225.jpg 300w, https:\/\/ferronnerie-art-normandie.com\/wp-content\/uploads\/2015\/02\/IMGP3360.jpg 640w\" sizes=\"(max-width: 300px) 100vw, 300px\" \/><\/a><\/p>\n<p>Je vous accueille dans mon atelier au 9 parc de la Poulti\u00e8re 27160 LA GUEROULDE<\/p>\n<p><img loading=\"lazy\" class=\"alignnone wp-image-545 aligncenter\" src=\"http:\/\/ferronnerie-art-normandie.com\/wp-content\/uploads\/2015\/02\/ATELIER0008.jpg\" alt=\"\" width=\"397\" height=\"298\" srcset=\"https:\/\/ferronnerie-art-normandie.com\/wp-content\/uploads\/2015\/02\/ATELIER0008.jpg 640w, https:\/\/ferronnerie-art-normandie.com\/wp-content\/uploads\/2015\/02\/ATELIER0008-300x225.jpg 300w\" sizes=\"(max-width: 397px) 100vw, 397px\" \/><\/p>\n<table style=\"border-color: #000000; background-color: #d8e310;\">\n<tbody>\n<tr>\n<td><strong>2019, retour aux cr\u00e9ations\u00a0<\/strong><b>artistiques<\/b><\/td>\n<\/tr>\n<\/tbody>\n<\/table>\n<p>En exclusivit\u00e9 pour les fans du site&#8230;<\/p>\n<p>Je vous pr\u00e9sente <strong><em>\u00ab\u00a0Dream on Road 66\u00a0\u00bb<\/em><\/strong> ou mon r\u00eave am\u00e9ricain<\/p>\n<table>\n<tbody>\n<tr>\n<td><img loading=\"lazy\" class=\"alignnone size-full wp-image-987\" src=\"http:\/\/ferronnerie-art-normandie.com\/wp-content\/uploads\/2019\/04\/moto1.jpg\" alt=\"\" width=\"1200\" height=\"801\" srcset=\"https:\/\/ferronnerie-art-normandie.com\/wp-content\/uploads\/2019\/04\/moto1.jpg 1200w, https:\/\/ferronnerie-art-normandie.com\/wp-content\/uploads\/2019\/04\/moto1-300x200.jpg 300w, https:\/\/ferronnerie-art-normandie.com\/wp-content\/uploads\/2019\/04\/moto1-768x513.jpg 768w, https:\/\/ferronnerie-art-normandie.com\/wp-content\/uploads\/2019\/04\/moto1-1024x684.jpg 1024w\" sizes=\"(max-width: 1200px) 100vw, 1200px\" \/><\/td>\n<\/tr>\n<tr>\n<td><img loading=\"lazy\" class=\"alignnone size-full wp-image-988\" src=\"http:\/\/ferronnerie-art-normandie.com\/wp-content\/uploads\/2019\/04\/moto2.jpg\" alt=\"\" width=\"1200\" height=\"823\" srcset=\"https:\/\/ferronnerie-art-normandie.com\/wp-content\/uploads\/2019\/04\/moto2.jpg 1200w, https:\/\/ferronnerie-art-normandie.com\/wp-content\/uploads\/2019\/04\/moto2-300x206.jpg 300w, https:\/\/ferronnerie-art-normandie.com\/wp-content\/uploads\/2019\/04\/moto2-768x527.jpg 768w, https:\/\/ferronnerie-art-normandie.com\/wp-content\/uploads\/2019\/04\/moto2-1024x702.jpg 1024w\" sizes=\"(max-width: 1200px) 100vw, 1200px\" \/><\/td>\n<\/tr>\n<\/tbody>\n<\/table>\n<p>&#8230; plus de photos dans les actualit\u00e9s!<\/p>\n<p>Je figure depuis 2015 dans le livre \u00ab\u00a0artisanat d&rsquo;art dans l&rsquo;Eure\u00a0\u00bb<\/p>\n<p style=\"text-align: center;\"><a href=\"http:\/\/ferronnerie-art-normandie.com\/wp-content\/uploads\/2015\/06\/CARTE-PROFESSIONNELLE-003-e1435611989808.jpg\"><img loading=\"lazy\" class=\"size-medium wp-image-284 aligncenter\" src=\"http:\/\/ferronnerie-art-normandie.com\/wp-content\/uploads\/2015\/06\/CARTE-PROFESSIONNELLE-003-e1435611989808-227x300.jpg\" alt=\"couverture du livre &quot;artisanat d'art dans l'Eure&quot;\" width=\"227\" height=\"300\" srcset=\"https:\/\/ferronnerie-art-normandie.com\/wp-content\/uploads\/2015\/06\/CARTE-PROFESSIONNELLE-003-e1435611989808-227x300.jpg 227w, https:\/\/ferronnerie-art-normandie.com\/wp-content\/uploads\/2015\/06\/CARTE-PROFESSIONNELLE-003-e1435611989808-776x1024.jpg 776w, https:\/\/ferronnerie-art-normandie.com\/wp-content\/uploads\/2015\/06\/CARTE-PROFESSIONNELLE-003-e1435611989808.jpg 896w\" sizes=\"(max-width: 227px) 100vw, 227px\" \/><\/a>\u00a0 \u00a0 \u00a0couverture du livre \u00ab\u00a0artisanat d&rsquo;art dans l&rsquo;Eure\u00a0\u00bb<\/p>\n<div style=\"text-align: center;\">\n<div style=\"margin: 8px 0px 4px;\"><a href=\"http:\/\/www.artisanatdart27.com\">voir le catalogue des artisans d&rsquo;art de l&rsquo;Eure<\/a><\/div>\n<div style=\"margin: 8px 0px 4px;\"><a href=\"http:\/\/www.calameo.com\/books\/0041946534b52ff4bd593\" target=\"_blank\" rel=\"noopener noreferrer\">LE VALEGANT CREATION eure<\/a><\/div>\n<div style=\"margin: 8px 0px 4px;\"><\/div>\n<p><iframe loading=\"lazy\" style=\"margin: 0px auto;\" src=\"\/\/v.calameo.com\/?bkcode=0041946534b52ff4bd593\" width=\"300\" height=\"194\" frameborder=\"0\" scrolling=\"no\" allowfullscreen=\"allowfullscreen\"><\/iframe><\/p>\n<div style=\"margin: 4px 0px 8px;\"><a href=\"http:\/\/www.calameo.com\/\" target=\"_blank\" rel=\"noopener noreferrer\">Lire plus de publications sur Calam\u00e9o<\/a><\/div>\n<\/div>\n","protected":false},"excerpt":{"rendered":"<p>La ferronnerie c&rsquo;est l&rsquo;art de faire du beau avec le m\u00e9tal, \u00e0 froid par la soudure ou \u00e0 chaud avec la forge, En Normandie, aux portes de Paris, mes cr\u00e9ations sont uniques et r\u00e9alis\u00e9es \u00e0 la main. MON PLUS : Je visualise le projet des clients, j&rsquo;effectue les croquis et je m&rsquo;adapte en fonction de la configuration de l&rsquo;espace. Les r\u00e9sultats, sont jusqu&rsquo;alors, conformes aux desirata des clients! \u00a0 \u00a0 Mon grand-p\u00e8re, Gaston Desdoigts, \u00e9tait le dernier forgeron de Dreux,&#8230;<\/p>\n","protected":false},"author":1,"featured_media":0,"parent":0,"menu_order":0,"comment_status":"closed","ping_status":"open","template":"","meta":{"_mi_skip_tracking":false,"_monsterinsights_skip_tracking":false,"_monsterinsights_sitenote_active":false,"_monsterinsights_sitenote_note":"","_monsterinsights_sitenote_category":0},"_links":{"self":[{"href":"https:\/\/ferronnerie-art-normandie.com\/index.php?rest_route=\/wp\/v2\/pages\/6"}],"collection":[{"href":"https:\/\/ferronnerie-art-normandie.com\/index.php?rest_route=\/wp\/v2\/pages"}],"about":[{"href":"https:\/\/ferronnerie-art-normandie.com\/index.php?rest_route=\/wp\/v2\/types\/page"}],"author":[{"embeddable":true,"href":"https:\/\/ferronnerie-art-normandie.com\/index.php?rest_route=\/wp\/v2\/users\/1"}],"replies":[{"embeddable":true,"href":"https:\/\/ferronnerie-art-normandie.com\/index.php?rest_route=%2Fwp%2Fv2%2Fcomments&post=6"}],"version-history":[{"count":0,"href":"https:\/\/ferronnerie-art-normandie.com\/index.php?rest_route=\/wp\/v2\/pages\/6\/revisions"}],"wp:attachment":[{"href":"https:\/\/ferronnerie-art-normandie.com\/index.php?rest_route=%2Fwp%2Fv2%2Fmedia&parent=6"}],"curies":[{"name":"wp","href":"https:\/\/api.w.org\/{rel}","templated":true}]}}