{"id":41,"date":"2015-02-19T08:36:37","date_gmt":"2015-02-19T08:36:37","guid":{"rendered":"http:\/\/ferronnerie-art-normandie.com\/?page_id=41"},"modified":"2022-04-18T07:43:40","modified_gmt":"2022-04-18T07:43:40","slug":"escaliers","status":"publish","type":"page","link":"https:\/\/ferronnerie-art-normandie.com\/?page_id=41","title":{"rendered":"Escaliers"},"content":{"rendered":"<p>Escaliers design sur mesure, Garde-corps, etc&#8230;<\/p>\n<p>\u00a0<\/p>\n<div id=\"attachment_102\" style=\"width: 310px\" class=\"wp-caption alignnone\"><a href=\"http:\/\/ferronnerie-art-normandie.com\/wp-content\/uploads\/2015\/02\/ESCALIER2.jpg\"><img aria-describedby=\"caption-attachment-102\" loading=\"lazy\" class=\"size-medium wp-image-102\" src=\"http:\/\/ferronnerie-art-normandie.com\/wp-content\/uploads\/2015\/02\/ESCALIER2-300x225.jpg\" alt=\"escalier en cours. je n'ai pas encore pos\u00e9 les marches en ch\u00eane massif.\" width=\"300\" height=\"225\" srcset=\"https:\/\/ferronnerie-art-normandie.com\/wp-content\/uploads\/2015\/02\/ESCALIER2-300x225.jpg 300w, https:\/\/ferronnerie-art-normandie.com\/wp-content\/uploads\/2015\/02\/ESCALIER2.jpg 640w\" sizes=\"(max-width: 300px) 100vw, 300px\" \/><\/a><p id=\"caption-attachment-102\" class=\"wp-caption-text\">escalier en cours. je n&rsquo;ai pas encore pos\u00e9 les marches en ch\u00eane massif.<\/p><\/div>\n<div id=\"attachment_101\" style=\"width: 310px\" class=\"wp-caption alignnone\"><a href=\"http:\/\/ferronnerie-art-normandie.com\/wp-content\/uploads\/2015\/02\/ESCALIER1.jpg\"><img aria-describedby=\"caption-attachment-101\" loading=\"lazy\" class=\"size-medium wp-image-101\" src=\"http:\/\/ferronnerie-art-normandie.com\/wp-content\/uploads\/2015\/02\/ESCALIER1-300x269.jpg\" alt=\"le m\u00eame escalier en cours sous un autre angle\" width=\"300\" height=\"269\" srcset=\"https:\/\/ferronnerie-art-normandie.com\/wp-content\/uploads\/2015\/02\/ESCALIER1-300x269.jpg 300w, https:\/\/ferronnerie-art-normandie.com\/wp-content\/uploads\/2015\/02\/ESCALIER1.jpg 525w\" sizes=\"(max-width: 300px) 100vw, 300px\" \/><\/a><p id=\"caption-attachment-101\" class=\"wp-caption-text\">le m\u00eame escalier en cours sous un autre angle<\/p><\/div>\n<p>&#8230; Ci-apr\u00e8s l&rsquo;escalier termin\u00e9 pos\u00e9 sous diff\u00e9rents angles&#8230;<\/p>\n<table>\n<tbody>\n<tr>\n<td><a href=\"http:\/\/ferronnerie-art-normandie.com\/wp-content\/uploads\/2015\/02\/ESCALIER-1.jpg\"><img loading=\"lazy\" class=\"alignnone size-medium wp-image-243\" src=\"http:\/\/ferronnerie-art-normandie.com\/wp-content\/uploads\/2015\/02\/ESCALIER-1-200x300.jpg\" alt=\"ESCALIER FER ET BOIS\" width=\"200\" height=\"300\" srcset=\"https:\/\/ferronnerie-art-normandie.com\/wp-content\/uploads\/2015\/02\/ESCALIER-1-200x300.jpg 200w, https:\/\/ferronnerie-art-normandie.com\/wp-content\/uploads\/2015\/02\/ESCALIER-1-683x1024.jpg 683w\" sizes=\"(max-width: 200px) 100vw, 200px\" \/><\/a><\/td>\n<td><a href=\"http:\/\/ferronnerie-art-normandie.com\/wp-content\/uploads\/2015\/02\/ESCALIER-2.jpg\"><img loading=\"lazy\" class=\"alignnone size-medium wp-image-244\" src=\"http:\/\/ferronnerie-art-normandie.com\/wp-content\/uploads\/2015\/02\/ESCALIER-2-189x300.jpg\" alt=\"ESCALIER FER ET BOIS\" width=\"189\" height=\"300\" srcset=\"https:\/\/ferronnerie-art-normandie.com\/wp-content\/uploads\/2015\/02\/ESCALIER-2-189x300.jpg 189w, https:\/\/ferronnerie-art-normandie.com\/wp-content\/uploads\/2015\/02\/ESCALIER-2-644x1024.jpg 644w\" sizes=\"(max-width: 189px) 100vw, 189px\" \/><\/a><\/td>\n<\/tr>\n<tr>\n<td><a href=\"http:\/\/ferronnerie-art-normandie.com\/wp-content\/uploads\/2015\/02\/ESCALIER-3.jpg\"><img loading=\"lazy\" class=\"alignnone size-medium wp-image-245\" src=\"http:\/\/ferronnerie-art-normandie.com\/wp-content\/uploads\/2015\/02\/ESCALIER-3-200x300.jpg\" alt=\"ESCALIER FER ET BOIS\" width=\"200\" height=\"300\" srcset=\"https:\/\/ferronnerie-art-normandie.com\/wp-content\/uploads\/2015\/02\/ESCALIER-3-200x300.jpg 200w, https:\/\/ferronnerie-art-normandie.com\/wp-content\/uploads\/2015\/02\/ESCALIER-3-683x1024.jpg 683w\" sizes=\"(max-width: 200px) 100vw, 200px\" \/><\/a><\/td>\n<td><a href=\"http:\/\/ferronnerie-art-normandie.com\/wp-content\/uploads\/2015\/02\/ESCALIER-4.jpg\"><img loading=\"lazy\" class=\"alignnone size-medium wp-image-246\" src=\"http:\/\/ferronnerie-art-normandie.com\/wp-content\/uploads\/2015\/02\/ESCALIER-4-195x300.jpg\" alt=\"ESCALIER FER ET BOIS\" width=\"195\" height=\"300\" srcset=\"https:\/\/ferronnerie-art-normandie.com\/wp-content\/uploads\/2015\/02\/ESCALIER-4-195x300.jpg 195w, https:\/\/ferronnerie-art-normandie.com\/wp-content\/uploads\/2015\/02\/ESCALIER-4-666x1024.jpg 666w\" sizes=\"(max-width: 195px) 100vw, 195px\" \/><\/a><\/td>\n<\/tr>\n<tr>\n<td><a href=\"http:\/\/ferronnerie-art-normandie.com\/wp-content\/uploads\/2015\/02\/ESCALIER-5.jpg\"><img loading=\"lazy\" class=\"alignnone size-medium wp-image-247\" src=\"http:\/\/ferronnerie-art-normandie.com\/wp-content\/uploads\/2015\/02\/ESCALIER-5-189x300.jpg\" alt=\"ESCALIER FER ET BOIS\" width=\"189\" height=\"300\" srcset=\"https:\/\/ferronnerie-art-normandie.com\/wp-content\/uploads\/2015\/02\/ESCALIER-5-189x300.jpg 189w, https:\/\/ferronnerie-art-normandie.com\/wp-content\/uploads\/2015\/02\/ESCALIER-5-644x1024.jpg 644w\" sizes=\"(max-width: 189px) 100vw, 189px\" \/><\/a><\/td>\n<td><a href=\"http:\/\/ferronnerie-art-normandie.com\/wp-content\/uploads\/2015\/02\/ESCALIER-6.jpg\"><img loading=\"lazy\" class=\"alignnone size-medium wp-image-248\" src=\"http:\/\/ferronnerie-art-normandie.com\/wp-content\/uploads\/2015\/02\/ESCALIER-6-200x300.jpg\" alt=\"ESCALIER FER ET BOIS\" width=\"200\" height=\"300\" srcset=\"https:\/\/ferronnerie-art-normandie.com\/wp-content\/uploads\/2015\/02\/ESCALIER-6-200x300.jpg 200w, https:\/\/ferronnerie-art-normandie.com\/wp-content\/uploads\/2015\/02\/ESCALIER-6-683x1024.jpg 683w\" sizes=\"(max-width: 200px) 100vw, 200px\" \/><\/a><\/td>\n<\/tr>\n<tr>\n<td><a href=\"http:\/\/ferronnerie-art-normandie.com\/wp-content\/uploads\/2015\/02\/ESCALIER-8.jpg\"><img loading=\"lazy\" class=\"alignnone size-medium wp-image-250\" src=\"http:\/\/ferronnerie-art-normandie.com\/wp-content\/uploads\/2015\/02\/ESCALIER-8-200x300.jpg\" alt=\"ESCALIER FER ET BOIS\" width=\"200\" height=\"300\" srcset=\"https:\/\/ferronnerie-art-normandie.com\/wp-content\/uploads\/2015\/02\/ESCALIER-8-200x300.jpg 200w, https:\/\/ferronnerie-art-normandie.com\/wp-content\/uploads\/2015\/02\/ESCALIER-8-683x1024.jpg 683w\" sizes=\"(max-width: 200px) 100vw, 200px\" \/><\/a><\/td>\n<td><a href=\"http:\/\/ferronnerie-art-normandie.com\/wp-content\/uploads\/2015\/02\/ESCALIER-9.jpg\"><img loading=\"lazy\" class=\"alignnone size-medium wp-image-251\" src=\"http:\/\/ferronnerie-art-normandie.com\/wp-content\/uploads\/2015\/02\/ESCALIER-9-300x228.jpg\" alt=\"ESCALIER FER ET BOIS\" width=\"300\" height=\"228\" srcset=\"https:\/\/ferronnerie-art-normandie.com\/wp-content\/uploads\/2015\/02\/ESCALIER-9-300x228.jpg 300w, https:\/\/ferronnerie-art-normandie.com\/wp-content\/uploads\/2015\/02\/ESCALIER-9-1024x780.jpg 1024w\" sizes=\"(max-width: 300px) 100vw, 300px\" \/><\/a><\/td>\n<\/tr>\n<tr>\n<td><a href=\"http:\/\/ferronnerie-art-normandie.com\/wp-content\/uploads\/2015\/02\/ESCALIER-10.jpg\"><img loading=\"lazy\" class=\"alignnone size-medium wp-image-252\" src=\"http:\/\/ferronnerie-art-normandie.com\/wp-content\/uploads\/2015\/02\/ESCALIER-10-200x300.jpg\" alt=\"ESCALIER FER ET BOIS\" width=\"200\" height=\"300\" srcset=\"https:\/\/ferronnerie-art-normandie.com\/wp-content\/uploads\/2015\/02\/ESCALIER-10-200x300.jpg 200w, https:\/\/ferronnerie-art-normandie.com\/wp-content\/uploads\/2015\/02\/ESCALIER-10-683x1024.jpg 683w\" sizes=\"(max-width: 200px) 100vw, 200px\" \/><\/a><\/td>\n<td><a href=\"http:\/\/ferronnerie-art-normandie.com\/wp-content\/uploads\/2015\/02\/ESCALIER-7.jpg\"><img loading=\"lazy\" class=\"alignnone size-medium wp-image-249\" src=\"http:\/\/ferronnerie-art-normandie.com\/wp-content\/uploads\/2015\/02\/ESCALIER-7-209x300.jpg\" alt=\"ESCALIER FER ET BOIS\" width=\"209\" height=\"300\" srcset=\"https:\/\/ferronnerie-art-normandie.com\/wp-content\/uploads\/2015\/02\/ESCALIER-7-209x300.jpg 209w, https:\/\/ferronnerie-art-normandie.com\/wp-content\/uploads\/2015\/02\/ESCALIER-7-712x1024.jpg 712w\" sizes=\"(max-width: 209px) 100vw, 209px\" \/><\/a><\/td>\n<\/tr>\n<\/tbody>\n<\/table>\n<p>dernier escalier cr\u00e9\u00e9 en fer forg\u00e9 et bois, d&rsquo;aspect vieilli (2016)<\/p>\n<table style=\"width: 100%; height: 2056px;\">\n<tbody>\n<tr style=\"height: 308px;\">\n<td style=\"height: 308px;\"><a href=\"http:\/\/ferronnerie-art-normandie.com\/wp-content\/uploads\/2015\/02\/ESCALIERImage0066-e1460931219876.jpg\" rel=\"attachment wp-att-407\"><img loading=\"lazy\" class=\"alignnone size-medium wp-image-407\" src=\"http:\/\/ferronnerie-art-normandie.com\/wp-content\/uploads\/2015\/02\/ESCALIERImage0066-e1460931219876-200x300.jpg\" alt=\"ESCALIER FER FORGE ET BOIS\" width=\"200\" height=\"300\" srcset=\"https:\/\/ferronnerie-art-normandie.com\/wp-content\/uploads\/2015\/02\/ESCALIERImage0066-e1460931219876-200x300.jpg 200w, https:\/\/ferronnerie-art-normandie.com\/wp-content\/uploads\/2015\/02\/ESCALIERImage0066-e1460931219876.jpg 427w\" sizes=\"(max-width: 200px) 100vw, 200px\" \/><\/a><\/td>\n<td style=\"height: 308px;\"><a href=\"http:\/\/ferronnerie-art-normandie.com\/wp-content\/uploads\/2015\/02\/ESCALIERImage0067.jpg\" rel=\"attachment wp-att-408\"><img loading=\"lazy\" class=\"alignnone size-medium wp-image-408\" src=\"http:\/\/ferronnerie-art-normandie.com\/wp-content\/uploads\/2015\/02\/ESCALIERImage0067-300x200.jpg\" alt=\"ESCALIER FER FORGE ET BOIS\" width=\"300\" height=\"200\" srcset=\"https:\/\/ferronnerie-art-normandie.com\/wp-content\/uploads\/2015\/02\/ESCALIERImage0067-300x200.jpg 300w, https:\/\/ferronnerie-art-normandie.com\/wp-content\/uploads\/2015\/02\/ESCALIERImage0067.jpg 640w\" sizes=\"(max-width: 300px) 100vw, 300px\" \/><\/a><\/td>\n<\/tr>\n<tr style=\"height: 308px;\">\n<td style=\"height: 308px;\"><a href=\"http:\/\/ferronnerie-art-normandie.com\/wp-content\/uploads\/2015\/02\/ESCALIERImage0068-e1460931318603.jpg\" rel=\"attachment wp-att-409\"><img loading=\"lazy\" class=\"alignnone size-medium wp-image-409\" src=\"http:\/\/ferronnerie-art-normandie.com\/wp-content\/uploads\/2015\/02\/ESCALIERImage0068-e1460931318603-200x300.jpg\" alt=\"ESCALIER FER FORGE ET BOIS\" width=\"200\" height=\"300\" srcset=\"https:\/\/ferronnerie-art-normandie.com\/wp-content\/uploads\/2015\/02\/ESCALIERImage0068-e1460931318603-200x300.jpg 200w, https:\/\/ferronnerie-art-normandie.com\/wp-content\/uploads\/2015\/02\/ESCALIERImage0068-e1460931318603.jpg 427w\" sizes=\"(max-width: 200px) 100vw, 200px\" \/><\/a><\/td>\n<td style=\"height: 308px;\"><a href=\"http:\/\/ferronnerie-art-normandie.com\/wp-content\/uploads\/2015\/02\/ESCALIERImage0069-e1460931401924.jpg\" rel=\"attachment wp-att-410\"><img loading=\"lazy\" class=\"alignnone size-medium wp-image-410\" src=\"http:\/\/ferronnerie-art-normandie.com\/wp-content\/uploads\/2015\/02\/ESCALIERImage0069-e1460931401924-200x300.jpg\" alt=\"GARDE CORPS ESCALIER FER FORGE\" width=\"200\" height=\"300\" srcset=\"https:\/\/ferronnerie-art-normandie.com\/wp-content\/uploads\/2015\/02\/ESCALIERImage0069-e1460931401924-200x300.jpg 200w, https:\/\/ferronnerie-art-normandie.com\/wp-content\/uploads\/2015\/02\/ESCALIERImage0069-e1460931401924.jpg 427w\" sizes=\"(max-width: 200px) 100vw, 200px\" \/><\/a><\/td>\n<\/tr>\n<tr style=\"height: 308px;\">\n<td style=\"height: 308px;\"><a href=\"http:\/\/ferronnerie-art-normandie.com\/wp-content\/uploads\/2015\/02\/ESCALIERImage0070-e1460931466600.jpg\" rel=\"attachment wp-att-411\"><img loading=\"lazy\" class=\"alignnone size-medium wp-image-411\" src=\"http:\/\/ferronnerie-art-normandie.com\/wp-content\/uploads\/2015\/02\/ESCALIERImage0070-e1460931466600-200x300.jpg\" alt=\"GARDE CORPS ESCALIER FER FORGE\" width=\"200\" height=\"300\" srcset=\"https:\/\/ferronnerie-art-normandie.com\/wp-content\/uploads\/2015\/02\/ESCALIERImage0070-e1460931466600-200x300.jpg 200w, https:\/\/ferronnerie-art-normandie.com\/wp-content\/uploads\/2015\/02\/ESCALIERImage0070-e1460931466600.jpg 427w\" sizes=\"(max-width: 200px) 100vw, 200px\" \/><\/a><\/td>\n<td style=\"height: 308px;\"><a href=\"http:\/\/ferronnerie-art-normandie.com\/wp-content\/uploads\/2015\/02\/ESCALIERImage0071-e1460931529796.jpg\" rel=\"attachment wp-att-412\"><img loading=\"lazy\" class=\"alignnone size-medium wp-image-412\" src=\"http:\/\/ferronnerie-art-normandie.com\/wp-content\/uploads\/2015\/02\/ESCALIERImage0071-e1460931529796-200x300.jpg\" alt=\"ESCALIER FER FORGE ET BOIS VUE PLONGEANTE\" width=\"200\" height=\"300\" srcset=\"https:\/\/ferronnerie-art-normandie.com\/wp-content\/uploads\/2015\/02\/ESCALIERImage0071-e1460931529796-200x300.jpg 200w, https:\/\/ferronnerie-art-normandie.com\/wp-content\/uploads\/2015\/02\/ESCALIERImage0071-e1460931529796.jpg 427w\" sizes=\"(max-width: 200px) 100vw, 200px\" \/><\/a><\/td>\n<\/tr>\n<tr style=\"height: 208px;\">\n<td style=\"height: 208px;\"><a href=\"http:\/\/ferronnerie-art-normandie.com\/wp-content\/uploads\/2015\/02\/ESCALIERImage0072.jpg\" rel=\"attachment wp-att-413\"><img loading=\"lazy\" class=\"alignnone size-medium wp-image-413\" src=\"http:\/\/ferronnerie-art-normandie.com\/wp-content\/uploads\/2015\/02\/ESCALIERImage0072-300x200.jpg\" alt=\"ESCALIER FER FORGE ET BOIS VUE PLONGEANTE\" width=\"300\" height=\"200\" srcset=\"https:\/\/ferronnerie-art-normandie.com\/wp-content\/uploads\/2015\/02\/ESCALIERImage0072-300x200.jpg 300w, https:\/\/ferronnerie-art-normandie.com\/wp-content\/uploads\/2015\/02\/ESCALIERImage0072.jpg 640w\" sizes=\"(max-width: 300px) 100vw, 300px\" \/><\/a><\/td>\n<td style=\"height: 208px;\"><a href=\"http:\/\/ferronnerie-art-normandie.com\/wp-content\/uploads\/2015\/02\/ESCALIERImage0073.jpg\" rel=\"attachment wp-att-414\"><img loading=\"lazy\" class=\"alignnone size-medium wp-image-414\" src=\"http:\/\/ferronnerie-art-normandie.com\/wp-content\/uploads\/2015\/02\/ESCALIERImage0073-300x200.jpg\" alt=\"ESCALIER FER FORGE ET BOIS\" width=\"300\" height=\"200\" srcset=\"https:\/\/ferronnerie-art-normandie.com\/wp-content\/uploads\/2015\/02\/ESCALIERImage0073-300x200.jpg 300w, https:\/\/ferronnerie-art-normandie.com\/wp-content\/uploads\/2015\/02\/ESCALIERImage0073.jpg 640w\" sizes=\"(max-width: 300px) 100vw, 300px\" \/><\/a><\/td>\n<\/tr>\n<tr style=\"height: 308px;\">\n<td style=\"height: 308px;\"><a href=\"http:\/\/ferronnerie-art-normandie.com\/wp-content\/uploads\/2015\/02\/ESCALIERImage0074-e1460931716846.jpg\" rel=\"attachment wp-att-415\"><img loading=\"lazy\" class=\"alignnone size-medium wp-image-415\" src=\"http:\/\/ferronnerie-art-normandie.com\/wp-content\/uploads\/2015\/02\/ESCALIERImage0074-e1460931716846-200x300.jpg\" alt=\"ESCALIER FER FORGE ET BOIS\" width=\"200\" height=\"300\" srcset=\"https:\/\/ferronnerie-art-normandie.com\/wp-content\/uploads\/2015\/02\/ESCALIERImage0074-e1460931716846-200x300.jpg 200w, https:\/\/ferronnerie-art-normandie.com\/wp-content\/uploads\/2015\/02\/ESCALIERImage0074-e1460931716846.jpg 427w\" sizes=\"(max-width: 200px) 100vw, 200px\" \/><\/a><\/td>\n<td style=\"height: 308px;\"><a href=\"http:\/\/ferronnerie-art-normandie.com\/wp-content\/uploads\/2015\/02\/ESCALIERImage0075-e1460931786168.jpg\" rel=\"attachment wp-att-416\"><img loading=\"lazy\" class=\"alignnone size-medium wp-image-416\" src=\"http:\/\/ferronnerie-art-normandie.com\/wp-content\/uploads\/2015\/02\/ESCALIERImage0075-e1460931786168-200x300.jpg\" alt=\"ESCALIER FER FORGE ET BOIS\" width=\"200\" height=\"300\" srcset=\"https:\/\/ferronnerie-art-normandie.com\/wp-content\/uploads\/2015\/02\/ESCALIERImage0075-e1460931786168-200x300.jpg 200w, https:\/\/ferronnerie-art-normandie.com\/wp-content\/uploads\/2015\/02\/ESCALIERImage0075-e1460931786168.jpg 427w\" sizes=\"(max-width: 200px) 100vw, 200px\" \/><\/a><\/td>\n<\/tr>\n<tr style=\"height: 308px;\">\n<td style=\"height: 308px;\"><a href=\"http:\/\/ferronnerie-art-normandie.com\/wp-content\/uploads\/2015\/02\/ESCALIERImage0076-e1460931867308.jpg\" rel=\"attachment wp-att-417\"><img loading=\"lazy\" class=\"alignnone size-medium wp-image-417\" src=\"http:\/\/ferronnerie-art-normandie.com\/wp-content\/uploads\/2015\/02\/ESCALIERImage0076-e1460931867308-200x300.jpg\" alt=\"ESCALIER FER FORGE ET BOIS\" width=\"200\" height=\"300\" srcset=\"https:\/\/ferronnerie-art-normandie.com\/wp-content\/uploads\/2015\/02\/ESCALIERImage0076-e1460931867308-200x300.jpg 200w, https:\/\/ferronnerie-art-normandie.com\/wp-content\/uploads\/2015\/02\/ESCALIERImage0076-e1460931867308.jpg 427w\" sizes=\"(max-width: 200px) 100vw, 200px\" \/><\/a><\/td>\n<td style=\"height: 308px;\"><a href=\"http:\/\/ferronnerie-art-normandie.com\/wp-content\/uploads\/2015\/02\/ESCALIERImage0077.jpg\" rel=\"attachment wp-att-418\"><img loading=\"lazy\" class=\"alignnone size-medium wp-image-418\" src=\"http:\/\/ferronnerie-art-normandie.com\/wp-content\/uploads\/2015\/02\/ESCALIERImage0077-300x200.jpg\" alt=\"ESCALIER FER FORGE ET BOIS\" width=\"300\" height=\"200\" srcset=\"https:\/\/ferronnerie-art-normandie.com\/wp-content\/uploads\/2015\/02\/ESCALIERImage0077-300x200.jpg 300w, https:\/\/ferronnerie-art-normandie.com\/wp-content\/uploads\/2015\/02\/ESCALIERImage0077.jpg 640w\" sizes=\"(max-width: 300px) 100vw, 300px\" \/><\/a><\/td>\n<\/tr>\n<tr style=\"height: 308px;\">\n<td style=\"height: 308px;\"><a href=\"http:\/\/ferronnerie-art-normandie.com\/wp-content\/uploads\/2015\/02\/ESCALIERImage0078-e1460931989928.jpg\" rel=\"attachment wp-att-419\"><img loading=\"lazy\" class=\"alignnone size-medium wp-image-419\" src=\"http:\/\/ferronnerie-art-normandie.com\/wp-content\/uploads\/2015\/02\/ESCALIERImage0078-e1460931989928-200x300.jpg\" alt=\"ESCALIER FER FORGE ET BOIS\" width=\"200\" height=\"300\" srcset=\"https:\/\/ferronnerie-art-normandie.com\/wp-content\/uploads\/2015\/02\/ESCALIERImage0078-e1460931989928-200x300.jpg 200w, https:\/\/ferronnerie-art-normandie.com\/wp-content\/uploads\/2015\/02\/ESCALIERImage0078-e1460931989928.jpg 427w\" sizes=\"(max-width: 200px) 100vw, 200px\" \/><\/a><\/td>\n<td style=\"height: 308px;\">\u00a0<\/td>\n<\/tr>\n<\/tbody>\n<\/table>\n\n\n<p>\u00a0<\/p>\n<p><img loading=\"lazy\" class=\"alignnone  wp-image-1734\" src=\"http:\/\/ferronnerie-art-normandie.com\/wp-content\/uploads\/2022\/04\/ESCALIER-2.jpeg\" alt=\"\" width=\"717\" height=\"957\" srcset=\"https:\/\/ferronnerie-art-normandie.com\/wp-content\/uploads\/2022\/04\/ESCALIER-2.jpeg 1269w, https:\/\/ferronnerie-art-normandie.com\/wp-content\/uploads\/2022\/04\/ESCALIER-2-225x300.jpeg 225w, https:\/\/ferronnerie-art-normandie.com\/wp-content\/uploads\/2022\/04\/ESCALIER-2-767x1024.jpeg 767w, https:\/\/ferronnerie-art-normandie.com\/wp-content\/uploads\/2022\/04\/ESCALIER-2-768x1025.jpeg 768w, https:\/\/ferronnerie-art-normandie.com\/wp-content\/uploads\/2022\/04\/ESCALIER-2-1151x1536.jpeg 1151w\" sizes=\"(max-width: 717px) 100vw, 717px\" \/><\/p>\n<p><img loading=\"lazy\" class=\"alignnone  wp-image-1735\" src=\"http:\/\/ferronnerie-art-normandie.com\/wp-content\/uploads\/2022\/04\/ESCALIER-LAROCHE-2.jpg\" alt=\"\" width=\"430\" height=\"573\" srcset=\"https:\/\/ferronnerie-art-normandie.com\/wp-content\/uploads\/2022\/04\/ESCALIER-LAROCHE-2.jpg 612w, https:\/\/ferronnerie-art-normandie.com\/wp-content\/uploads\/2022\/04\/ESCALIER-LAROCHE-2-225x300.jpg 225w\" sizes=\"(max-width: 430px) 100vw, 430px\" \/><\/p>\n<p><img loading=\"lazy\" class=\"alignnone  wp-image-1736\" src=\"http:\/\/ferronnerie-art-normandie.com\/wp-content\/uploads\/2022\/04\/ESCALIER-LE-ROLLAND.jpg\" alt=\"\" width=\"338\" height=\"450\" srcset=\"https:\/\/ferronnerie-art-normandie.com\/wp-content\/uploads\/2022\/04\/ESCALIER-LE-ROLLAND.jpg 612w, https:\/\/ferronnerie-art-normandie.com\/wp-content\/uploads\/2022\/04\/ESCALIER-LE-ROLLAND-225x300.jpg 225w\" sizes=\"(max-width: 338px) 100vw, 338px\" \/><\/p>\n<p><img loading=\"lazy\" class=\"alignnone  wp-image-1737\" src=\"http:\/\/ferronnerie-art-normandie.com\/wp-content\/uploads\/2022\/04\/RAMPE-ESCALIER-scaled.jpg\" alt=\"\" width=\"333\" height=\"444\" srcset=\"https:\/\/ferronnerie-art-normandie.com\/wp-content\/uploads\/2022\/04\/RAMPE-ESCALIER-scaled.jpg 1920w, https:\/\/ferronnerie-art-normandie.com\/wp-content\/uploads\/2022\/04\/RAMPE-ESCALIER-225x300.jpg 225w, https:\/\/ferronnerie-art-normandie.com\/wp-content\/uploads\/2022\/04\/RAMPE-ESCALIER-768x1024.jpg 768w, https:\/\/ferronnerie-art-normandie.com\/wp-content\/uploads\/2022\/04\/RAMPE-ESCALIER-1152x1536.jpg 1152w, https:\/\/ferronnerie-art-normandie.com\/wp-content\/uploads\/2022\/04\/RAMPE-ESCALIER-1536x2048.jpg 1536w\" sizes=\"(max-width: 333px) 100vw, 333px\" \/><\/p>\n\n\n","protected":false},"excerpt":{"rendered":"<p>Escaliers design sur mesure, Garde-corps, etc&#8230; \u00a0 &#8230; Ci-apr\u00e8s l&rsquo;escalier termin\u00e9 pos\u00e9 sous diff\u00e9rents angles&#8230; dernier escalier cr\u00e9\u00e9 en fer forg\u00e9 et bois, d&rsquo;aspect vieilli (2016) \u00a0 \u00a0<\/p>\n","protected":false},"author":1,"featured_media":0,"parent":0,"menu_order":0,"comment_status":"closed","ping_status":"closed","template":"","meta":{"_mi_skip_tracking":false,"_monsterinsights_skip_tracking":false,"_monsterinsights_sitenote_active":false,"_monsterinsights_sitenote_note":"","_monsterinsights_sitenote_category":0},"_links":{"self":[{"href":"https:\/\/ferronnerie-art-normandie.com\/index.php?rest_route=\/wp\/v2\/pages\/41"}],"collection":[{"href":"https:\/\/ferronnerie-art-normandie.com\/index.php?rest_route=\/wp\/v2\/pages"}],"about":[{"href":"https:\/\/ferronnerie-art-normandie.com\/index.php?rest_route=\/wp\/v2\/types\/page"}],"author":[{"embeddable":true,"href":"https:\/\/ferronnerie-art-normandie.com\/index.php?rest_route=\/wp\/v2\/users\/1"}],"replies":[{"embeddable":true,"href":"https:\/\/ferronnerie-art-normandie.com\/index.php?rest_route=%2Fwp%2Fv2%2Fcomments&post=41"}],"version-history":[{"count":0,"href":"https:\/\/ferronnerie-art-normandie.com\/index.php?rest_route=\/wp\/v2\/pages\/41\/revisions"}],"wp:attachment":[{"href":"https:\/\/ferronnerie-art-normandie.com\/index.php?rest_route=%2Fwp%2Fv2%2Fmedia&parent=41"}],"curies":[{"name":"wp","href":"https:\/\/api.w.org\/{rel}","templated":true}]}}