{"id":37,"date":"2015-02-19T08:36:03","date_gmt":"2015-02-19T08:36:03","guid":{"rendered":"http:\/\/ferronnerie-art-normandie.com\/?page_id=37"},"modified":"2015-04-01T12:22:39","modified_gmt":"2015-04-01T12:22:39","slug":"luminaires","status":"publish","type":"page","link":"https:\/\/ferronnerie-art-normandie.com\/?page_id=37","title":{"rendered":"Luminaires"},"content":{"rendered":"<p>Des luminaires d&rsquo;inspiration v\u00e9g\u00e9tale :<\/p>\n<p>lampadaires, lampes, appliques, lustres,<\/p>\n<table>\n<tbody>\n<tr>\n<td>\n<p><div id=\"attachment_175\" style=\"width: 310px\" class=\"wp-caption alignnone\"><a href=\"http:\/\/ferronnerie-art-normandie.com\/wp-content\/uploads\/2015\/02\/AMBIANCE-1.jpg\"><img aria-describedby=\"caption-attachment-175\" loading=\"lazy\" class=\"size-medium wp-image-175\" src=\"http:\/\/ferronnerie-art-normandie.com\/wp-content\/uploads\/2015\/02\/AMBIANCE-1-300x251.jpg\" alt=\"ambiance luminaires\" width=\"300\" height=\"251\" srcset=\"https:\/\/ferronnerie-art-normandie.com\/wp-content\/uploads\/2015\/02\/AMBIANCE-1-300x251.jpg 300w, https:\/\/ferronnerie-art-normandie.com\/wp-content\/uploads\/2015\/02\/AMBIANCE-1.jpg 564w\" sizes=\"(max-width: 300px) 100vw, 300px\" \/><\/a><p id=\"caption-attachment-175\" class=\"wp-caption-text\">ambiance luminaires<\/p><\/div><\/td>\n<td>\n<p><div id=\"attachment_176\" style=\"width: 310px\" class=\"wp-caption alignnone\"><a href=\"http:\/\/ferronnerie-art-normandie.com\/wp-content\/uploads\/2015\/02\/AMBIANCE-2.jpg\"><img aria-describedby=\"caption-attachment-176\" loading=\"lazy\" class=\"size-medium wp-image-176\" src=\"http:\/\/ferronnerie-art-normandie.com\/wp-content\/uploads\/2015\/02\/AMBIANCE-2-300x192.jpg\" alt=\"ambiance luminaires\" width=\"300\" height=\"192\" srcset=\"https:\/\/ferronnerie-art-normandie.com\/wp-content\/uploads\/2015\/02\/AMBIANCE-2-300x192.jpg 300w, https:\/\/ferronnerie-art-normandie.com\/wp-content\/uploads\/2015\/02\/AMBIANCE-2.jpg 607w\" sizes=\"(max-width: 300px) 100vw, 300px\" \/><\/a><p id=\"caption-attachment-176\" class=\"wp-caption-text\">ambiance luminaires<\/p><\/div><\/td>\n<\/tr>\n<\/tbody>\n<\/table>\n<p>au choix : tout m\u00e9tal, m\u00e9tal et bois, au gr\u00e9 de l&rsquo;inspiration du moment ou du souhait\u00a0du client<\/p>\n<table>\n<tbody>\n<tr>\n<td><a href=\"http:\/\/ferronnerie-art-normandie.com\/wp-content\/uploads\/2015\/02\/08-LE-VALEGANT-CREATION-LAMPE.jpg\"><img loading=\"lazy\" class=\"alignnone size-medium wp-image-104\" src=\"http:\/\/ferronnerie-art-normandie.com\/wp-content\/uploads\/2015\/02\/08-LE-VALEGANT-CREATION-LAMPE-170x300.jpg\" alt=\"08 LE VALEGANT CREATION LAMPE\" width=\"170\" height=\"300\" srcset=\"https:\/\/ferronnerie-art-normandie.com\/wp-content\/uploads\/2015\/02\/08-LE-VALEGANT-CREATION-LAMPE-170x300.jpg 170w, https:\/\/ferronnerie-art-normandie.com\/wp-content\/uploads\/2015\/02\/08-LE-VALEGANT-CREATION-LAMPE-581x1024.jpg 581w\" sizes=\"(max-width: 170px) 100vw, 170px\" \/><\/a><\/td>\n<td>\n<p><div id=\"attachment_105\" style=\"width: 310px\" class=\"wp-caption aligncenter\"><a href=\"http:\/\/ferronnerie-art-normandie.com\/wp-content\/uploads\/2015\/02\/lampe-anemone.jpg\"><img aria-describedby=\"caption-attachment-105\" loading=\"lazy\" class=\"size-medium wp-image-105\" src=\"http:\/\/ferronnerie-art-normandie.com\/wp-content\/uploads\/2015\/02\/lampe-anemone-300x236.jpg\" alt=\"lampe anemone\" width=\"300\" height=\"236\" srcset=\"https:\/\/ferronnerie-art-normandie.com\/wp-content\/uploads\/2015\/02\/lampe-anemone-300x236.jpg 300w, https:\/\/ferronnerie-art-normandie.com\/wp-content\/uploads\/2015\/02\/lampe-anemone-1024x806.jpg 1024w\" sizes=\"(max-width: 300px) 100vw, 300px\" \/><\/a><p id=\"caption-attachment-105\" class=\"wp-caption-text\">lampe an\u00e9mone<\/p><\/div><\/td>\n<td><\/td>\n<\/tr>\n<tr>\n<td>\n<p><div id=\"attachment_106\" style=\"width: 237px\" class=\"wp-caption alignnone\"><a href=\"http:\/\/ferronnerie-art-normandie.com\/wp-content\/uploads\/2015\/02\/lampe-bouquet.jpg\"><img aria-describedby=\"caption-attachment-106\" loading=\"lazy\" class=\"size-medium wp-image-106\" src=\"http:\/\/ferronnerie-art-normandie.com\/wp-content\/uploads\/2015\/02\/lampe-bouquet-227x300.jpg\" alt=\"lampe bouquet\" width=\"227\" height=\"300\" srcset=\"https:\/\/ferronnerie-art-normandie.com\/wp-content\/uploads\/2015\/02\/lampe-bouquet-227x300.jpg 227w, https:\/\/ferronnerie-art-normandie.com\/wp-content\/uploads\/2015\/02\/lampe-bouquet-776x1024.jpg 776w\" sizes=\"(max-width: 227px) 100vw, 227px\" \/><\/a><p id=\"caption-attachment-106\" class=\"wp-caption-text\">lampe bouquet<\/p><\/div><\/td>\n<td>\n<p><div id=\"attachment_107\" style=\"width: 250px\" class=\"wp-caption alignnone\"><a href=\"http:\/\/ferronnerie-art-normandie.com\/wp-content\/uploads\/2015\/02\/lampe-epi.jpg\"><img aria-describedby=\"caption-attachment-107\" loading=\"lazy\" class=\"size-medium wp-image-107\" src=\"http:\/\/ferronnerie-art-normandie.com\/wp-content\/uploads\/2015\/02\/lampe-epi-240x300.jpg\" alt=\"lampe epi\" width=\"240\" height=\"300\" srcset=\"https:\/\/ferronnerie-art-normandie.com\/wp-content\/uploads\/2015\/02\/lampe-epi-240x300.jpg 240w, https:\/\/ferronnerie-art-normandie.com\/wp-content\/uploads\/2015\/02\/lampe-epi-819x1024.jpg 819w\" sizes=\"(max-width: 240px) 100vw, 240px\" \/><\/a><p id=\"caption-attachment-107\" class=\"wp-caption-text\">lampe \u00e9pi<\/p><\/div><\/td>\n<td><\/td>\n<\/tr>\n<tr>\n<td>\n<p><div id=\"attachment_108\" style=\"width: 207px\" class=\"wp-caption alignnone\"><a href=\"http:\/\/ferronnerie-art-normandie.com\/wp-content\/uploads\/2015\/02\/lampe-narcisse.jpg\"><img aria-describedby=\"caption-attachment-108\" loading=\"lazy\" class=\"size-medium wp-image-108\" src=\"http:\/\/ferronnerie-art-normandie.com\/wp-content\/uploads\/2015\/02\/lampe-narcisse-197x300.jpg\" alt=\"lampe narcisse\" width=\"197\" height=\"300\" srcset=\"https:\/\/ferronnerie-art-normandie.com\/wp-content\/uploads\/2015\/02\/lampe-narcisse-197x300.jpg 197w, https:\/\/ferronnerie-art-normandie.com\/wp-content\/uploads\/2015\/02\/lampe-narcisse-674x1024.jpg 674w, https:\/\/ferronnerie-art-normandie.com\/wp-content\/uploads\/2015\/02\/lampe-narcisse.jpg 1991w\" sizes=\"(max-width: 197px) 100vw, 197px\" \/><\/a><p id=\"caption-attachment-108\" class=\"wp-caption-text\">lampe narcisse<\/p><\/div><\/td>\n<td>\n<p><div id=\"attachment_109\" style=\"width: 138px\" class=\"wp-caption alignnone\"><a href=\"http:\/\/ferronnerie-art-normandie.com\/wp-content\/uploads\/2015\/02\/lampadaire-tournesol.jpg\"><img aria-describedby=\"caption-attachment-109\" loading=\"lazy\" class=\"size-medium wp-image-109\" src=\"http:\/\/ferronnerie-art-normandie.com\/wp-content\/uploads\/2015\/02\/lampadaire-tournesol-128x300.jpg\" alt=\"lampadaire tournesol\" width=\"128\" height=\"300\" srcset=\"https:\/\/ferronnerie-art-normandie.com\/wp-content\/uploads\/2015\/02\/lampadaire-tournesol-128x300.jpg 128w, https:\/\/ferronnerie-art-normandie.com\/wp-content\/uploads\/2015\/02\/lampadaire-tournesol-438x1024.jpg 438w, https:\/\/ferronnerie-art-normandie.com\/wp-content\/uploads\/2015\/02\/lampadaire-tournesol.jpg 1531w\" sizes=\"(max-width: 128px) 100vw, 128px\" \/><\/a><p id=\"caption-attachment-109\" class=\"wp-caption-text\">lampadaire tournesol<\/p><\/div><\/td>\n<td><\/td>\n<\/tr>\n<tr>\n<td>\n<p><div id=\"attachment_110\" style=\"width: 136px\" class=\"wp-caption alignnone\"><a href=\"http:\/\/ferronnerie-art-normandie.com\/wp-content\/uploads\/2015\/02\/tournesol-rouille.jpg\"><img aria-describedby=\"caption-attachment-110\" loading=\"lazy\" class=\"size-medium wp-image-110\" src=\"http:\/\/ferronnerie-art-normandie.com\/wp-content\/uploads\/2015\/02\/tournesol-rouille-126x300.jpg\" alt=\"lampadaire tournesol rouille\" width=\"126\" height=\"300\" srcset=\"https:\/\/ferronnerie-art-normandie.com\/wp-content\/uploads\/2015\/02\/tournesol-rouille-126x300.jpg 126w, https:\/\/ferronnerie-art-normandie.com\/wp-content\/uploads\/2015\/02\/tournesol-rouille-431x1024.jpg 431w, https:\/\/ferronnerie-art-normandie.com\/wp-content\/uploads\/2015\/02\/tournesol-rouille.jpg 1496w\" sizes=\"(max-width: 126px) 100vw, 126px\" \/><\/a><p id=\"caption-attachment-110\" class=\"wp-caption-text\">lampadaire tournesol rouille<\/p><\/div><\/td>\n<td>\n<p><div id=\"attachment_111\" style=\"width: 151px\" class=\"wp-caption alignnone\"><a href=\"http:\/\/ferronnerie-art-normandie.com\/wp-content\/uploads\/2015\/02\/arbre-a-fleur.jpg\"><img aria-describedby=\"caption-attachment-111\" loading=\"lazy\" class=\"size-medium wp-image-111\" src=\"http:\/\/ferronnerie-art-normandie.com\/wp-content\/uploads\/2015\/02\/arbre-a-fleur-141x300.jpg\" alt=\"arbre \u00e0 fleurs (pour l'exterieur)\" width=\"141\" height=\"300\" srcset=\"https:\/\/ferronnerie-art-normandie.com\/wp-content\/uploads\/2015\/02\/arbre-a-fleur-141x300.jpg 141w, https:\/\/ferronnerie-art-normandie.com\/wp-content\/uploads\/2015\/02\/arbre-a-fleur-480x1024.jpg 480w, https:\/\/ferronnerie-art-normandie.com\/wp-content\/uploads\/2015\/02\/arbre-a-fleur.jpg 1711w\" sizes=\"(max-width: 141px) 100vw, 141px\" \/><\/a><p id=\"caption-attachment-111\" class=\"wp-caption-text\">arbre \u00e0 fleurs \u00a0 \u00a0 \u00a0 \u00a0 \u00a0 \u00a0(pour l&rsquo;ext\u00e9rieur)<\/p><\/div><\/td>\n<td><\/td>\n<\/tr>\n<\/tbody>\n<\/table>\n","protected":false},"excerpt":{"rendered":"<p>Des luminaires d&rsquo;inspiration v\u00e9g\u00e9tale : lampadaires, lampes, appliques, lustres, au choix : tout m\u00e9tal, m\u00e9tal et bois, au gr\u00e9 de l&rsquo;inspiration du moment ou du souhait\u00a0du client<\/p>\n","protected":false},"author":1,"featured_media":0,"parent":0,"menu_order":0,"comment_status":"closed","ping_status":"closed","template":"","meta":{"_mi_skip_tracking":false,"_monsterinsights_skip_tracking":false,"_monsterinsights_sitenote_active":false,"_monsterinsights_sitenote_note":"","_monsterinsights_sitenote_category":0},"_links":{"self":[{"href":"https:\/\/ferronnerie-art-normandie.com\/index.php?rest_route=\/wp\/v2\/pages\/37"}],"collection":[{"href":"https:\/\/ferronnerie-art-normandie.com\/index.php?rest_route=\/wp\/v2\/pages"}],"about":[{"href":"https:\/\/ferronnerie-art-normandie.com\/index.php?rest_route=\/wp\/v2\/types\/page"}],"author":[{"embeddable":true,"href":"https:\/\/ferronnerie-art-normandie.com\/index.php?rest_route=\/wp\/v2\/users\/1"}],"replies":[{"embeddable":true,"href":"https:\/\/ferronnerie-art-normandie.com\/index.php?rest_route=%2Fwp%2Fv2%2Fcomments&post=37"}],"version-history":[{"count":0,"href":"https:\/\/ferronnerie-art-normandie.com\/index.php?rest_route=\/wp\/v2\/pages\/37\/revisions"}],"wp:attachment":[{"href":"https:\/\/ferronnerie-art-normandie.com\/index.php?rest_route=%2Fwp%2Fv2%2Fmedia&parent=37"}],"curies":[{"name":"wp","href":"https:\/\/api.w.org\/{rel}","templated":true}]}}