{"id":35,"date":"2015-02-19T08:35:44","date_gmt":"2015-02-19T08:35:44","guid":{"rendered":"http:\/\/ferronnerie-art-normandie.com\/?page_id=35"},"modified":"2022-04-18T07:35:51","modified_gmt":"2022-04-18T07:35:51","slug":"mobilier-exterieur","status":"publish","type":"page","link":"https:\/\/ferronnerie-art-normandie.com\/?page_id=35","title":{"rendered":"Mobilier Ext\u00e9rieur"},"content":{"rendered":"<p style=\"text-align: center;\">Des supports pour embellir vos jardins, terrasses, all\u00e9es, etc&#8230;<\/p>\n<p style=\"text-align: center;\">Arbres \u00e0 fleurs, tonnelles, supports pots de fleurs, sculptures, portillons, etc&#8230;<\/p>\n<table style=\"width: 100%; height: 1648px;\">\n<tbody>\n<tr style=\"height: 500px;\">\n<td style=\"height: 500px;\">\n<div id=\"attachment_111\" style=\"width: 151px\" class=\"wp-caption alignnone\"><a href=\"http:\/\/ferronnerie-art-normandie.com\/wp-content\/uploads\/2015\/02\/arbre-a-fleur.jpg\"><img aria-describedby=\"caption-attachment-111\" loading=\"lazy\" class=\"size-medium wp-image-111\" src=\"http:\/\/ferronnerie-art-normandie.com\/wp-content\/uploads\/2015\/02\/arbre-a-fleur-141x300.jpg\" alt=\"arbre \u00e0 fleurs avec ou sans \u00e9clairage; peut accueillir 4 pots de fleurs ou des plantes grimpantes\" width=\"141\" height=\"300\" srcset=\"https:\/\/ferronnerie-art-normandie.com\/wp-content\/uploads\/2015\/02\/arbre-a-fleur-141x300.jpg 141w, https:\/\/ferronnerie-art-normandie.com\/wp-content\/uploads\/2015\/02\/arbre-a-fleur-480x1024.jpg 480w, https:\/\/ferronnerie-art-normandie.com\/wp-content\/uploads\/2015\/02\/arbre-a-fleur.jpg 1711w\" sizes=\"(max-width: 141px) 100vw, 141px\" \/><\/a><p id=\"caption-attachment-111\" class=\"wp-caption-text\">arbre \u00e0 fleurs avec ou sans \u00e9clairage; peut accueillir 4 pots de fleurs ou des plantes grimpantes<\/p><\/div>\n<\/td>\n<td style=\"height: 500px;\">\n<div id=\"attachment_117\" style=\"width: 310px\" class=\"wp-caption alignnone\"><a href=\"http:\/\/ferronnerie-art-normandie.com\/wp-content\/uploads\/2015\/02\/pot-arbre.jpg\"><img aria-describedby=\"caption-attachment-117\" loading=\"lazy\" class=\"size-medium wp-image-117\" src=\"http:\/\/ferronnerie-art-normandie.com\/wp-content\/uploads\/2015\/02\/pot-arbre-300x225.jpg\" alt=\"pot id\u00e9al pour petit arbre, ici, avec un petit \u00e9rable\" width=\"300\" height=\"225\" srcset=\"https:\/\/ferronnerie-art-normandie.com\/wp-content\/uploads\/2015\/02\/pot-arbre-300x225.jpg 300w, https:\/\/ferronnerie-art-normandie.com\/wp-content\/uploads\/2015\/02\/pot-arbre-1024x768.jpg 1024w\" sizes=\"(max-width: 300px) 100vw, 300px\" \/><\/a><p id=\"caption-attachment-117\" class=\"wp-caption-text\">pot id\u00e9al pour petit arbre, ici, avec un petit \u00e9rable<\/p><\/div>\n<\/td>\n<\/tr>\n<tr style=\"height: 406px;\">\n<td style=\"height: 406px;\">\n<div id=\"attachment_118\" style=\"width: 224px\" class=\"wp-caption alignnone\"><a href=\"http:\/\/ferronnerie-art-normandie.com\/wp-content\/uploads\/2015\/02\/st-fiacre-1.jpg\"><img aria-describedby=\"caption-attachment-118\" loading=\"lazy\" class=\"size-medium wp-image-118\" src=\"http:\/\/ferronnerie-art-normandie.com\/wp-content\/uploads\/2015\/02\/st-fiacre-1-214x300.jpg\" alt=\"silhouette m\u00e9tal, ici St Fiacre, St patron des jardiniers\" width=\"214\" height=\"300\" srcset=\"https:\/\/ferronnerie-art-normandie.com\/wp-content\/uploads\/2015\/02\/st-fiacre-1-214x300.jpg 214w, https:\/\/ferronnerie-art-normandie.com\/wp-content\/uploads\/2015\/02\/st-fiacre-1-732x1024.jpg 732w, https:\/\/ferronnerie-art-normandie.com\/wp-content\/uploads\/2015\/02\/st-fiacre-1.jpg 1878w\" sizes=\"(max-width: 214px) 100vw, 214px\" \/><\/a><p id=\"caption-attachment-118\" class=\"wp-caption-text\">silhouette m\u00e9tal, ici St Fiacre, St patron des jardiniers<\/p><\/div>\n<\/td>\n<td style=\"height: 406px;\">\n<div id=\"attachment_119\" style=\"width: 148px\" class=\"wp-caption alignnone\"><a href=\"http:\/\/ferronnerie-art-normandie.com\/wp-content\/uploads\/2015\/02\/st-fiacre-2.jpg\"><img aria-describedby=\"caption-attachment-119\" loading=\"lazy\" class=\"size-medium wp-image-119\" src=\"http:\/\/ferronnerie-art-normandie.com\/wp-content\/uploads\/2015\/02\/st-fiacre-2-138x300.jpg\" alt=\"St Fiacre, sculpture m\u00e9tal\" width=\"138\" height=\"300\" srcset=\"https:\/\/ferronnerie-art-normandie.com\/wp-content\/uploads\/2015\/02\/st-fiacre-2-138x300.jpg 138w, https:\/\/ferronnerie-art-normandie.com\/wp-content\/uploads\/2015\/02\/st-fiacre-2-472x1024.jpg 472w, https:\/\/ferronnerie-art-normandie.com\/wp-content\/uploads\/2015\/02\/st-fiacre-2.jpg 1636w\" sizes=\"(max-width: 138px) 100vw, 138px\" \/><\/a><p id=\"caption-attachment-119\" class=\"wp-caption-text\">St Fiacre, sculpture m\u00e9tal<\/p><\/div>\n<\/td>\n<\/tr>\n<tr style=\"height: 383px;\">\n<td style=\"height: 383px;\">\n<div id=\"attachment_120\" style=\"width: 235px\" class=\"wp-caption alignnone\"><a href=\"http:\/\/ferronnerie-art-normandie.com\/wp-content\/uploads\/2015\/02\/portillon.jpg\"><img aria-describedby=\"caption-attachment-120\" loading=\"lazy\" class=\"size-medium wp-image-120\" src=\"http:\/\/ferronnerie-art-normandie.com\/wp-content\/uploads\/2015\/02\/portillon-225x300.jpg\" alt=\"portillon m\u00e9tal d'inspiration v\u00e9g\u00e9tale\" width=\"225\" height=\"300\" srcset=\"https:\/\/ferronnerie-art-normandie.com\/wp-content\/uploads\/2015\/02\/portillon-225x300.jpg 225w, https:\/\/ferronnerie-art-normandie.com\/wp-content\/uploads\/2015\/02\/portillon-768x1024.jpg 768w\" sizes=\"(max-width: 225px) 100vw, 225px\" \/><\/a><p id=\"caption-attachment-120\" class=\"wp-caption-text\">portillon m\u00e9tal d&rsquo;inspiration v\u00e9g\u00e9tale<\/p><\/div>\n<\/td>\n<td style=\"height: 383px;\">\n<div id=\"attachment_121\" style=\"width: 234px\" class=\"wp-caption alignnone\"><a href=\"http:\/\/ferronnerie-art-normandie.com\/wp-content\/uploads\/2015\/02\/support-fleur-1.jpg\"><img aria-describedby=\"caption-attachment-121\" loading=\"lazy\" class=\"size-medium wp-image-121\" src=\"http:\/\/ferronnerie-art-normandie.com\/wp-content\/uploads\/2015\/02\/support-fleur-1-224x300.jpg\" alt=\"support pot de fleur\" width=\"224\" height=\"300\" srcset=\"https:\/\/ferronnerie-art-normandie.com\/wp-content\/uploads\/2015\/02\/support-fleur-1-224x300.jpg 224w, https:\/\/ferronnerie-art-normandie.com\/wp-content\/uploads\/2015\/02\/support-fleur-1-765x1024.jpg 765w, https:\/\/ferronnerie-art-normandie.com\/wp-content\/uploads\/2015\/02\/support-fleur-1.jpg 1713w\" sizes=\"(max-width: 224px) 100vw, 224px\" \/><\/a><p id=\"caption-attachment-121\" class=\"wp-caption-text\">support pot de fleur<\/p><\/div>\n<\/td>\n<\/tr>\n<tr style=\"height: 359px;\">\n<td style=\"height: 359px;\">\n<div id=\"attachment_122\" style=\"width: 310px\" class=\"wp-caption alignnone\"><a href=\"http:\/\/ferronnerie-art-normandie.com\/wp-content\/uploads\/2015\/02\/support-petite-vasque.jpg\"><img aria-describedby=\"caption-attachment-122\" loading=\"lazy\" class=\"size-medium wp-image-122\" src=\"http:\/\/ferronnerie-art-normandie.com\/wp-content\/uploads\/2015\/02\/support-petite-vasque-300x284.jpg\" alt=\"support petite vasque\" width=\"300\" height=\"284\" srcset=\"https:\/\/ferronnerie-art-normandie.com\/wp-content\/uploads\/2015\/02\/support-petite-vasque-300x284.jpg 300w, https:\/\/ferronnerie-art-normandie.com\/wp-content\/uploads\/2015\/02\/support-petite-vasque-1024x971.jpg 1024w\" sizes=\"(max-width: 300px) 100vw, 300px\" \/><\/a><p id=\"caption-attachment-122\" class=\"wp-caption-text\">support petite vasque<\/p><\/div>\n<\/td>\n<td style=\"height: 359px;\">\n<div id=\"attachment_123\" style=\"width: 282px\" class=\"wp-caption alignnone\"><a href=\"http:\/\/ferronnerie-art-normandie.com\/wp-content\/uploads\/2015\/02\/support-vasque.jpg\"><img aria-describedby=\"caption-attachment-123\" loading=\"lazy\" class=\"size-medium wp-image-123\" src=\"http:\/\/ferronnerie-art-normandie.com\/wp-content\/uploads\/2015\/02\/support-vasque-272x300.jpg\" alt=\"support grande vasque, m\u00e9tal\" width=\"272\" height=\"300\" srcset=\"https:\/\/ferronnerie-art-normandie.com\/wp-content\/uploads\/2015\/02\/support-vasque-272x300.jpg 272w, https:\/\/ferronnerie-art-normandie.com\/wp-content\/uploads\/2015\/02\/support-vasque-928x1024.jpg 928w\" sizes=\"(max-width: 272px) 100vw, 272px\" \/><\/a><p id=\"caption-attachment-123\" class=\"wp-caption-text\">support grande vasque, m\u00e9tal<\/p><\/div>\n<\/td>\n<\/tr>\n<\/tbody>\n<\/table>\n\n\n<figure class=\"wp-block-image size-full is-resized\"><a href=\"http:\/\/ferronnerie-art-normandie.com\/wp-content\/uploads\/2022\/04\/DECOR-FLORAL-MUR-TOUTAIN.jpg\"><img loading=\"lazy\" src=\"http:\/\/ferronnerie-art-normandie.com\/wp-content\/uploads\/2022\/04\/DECOR-FLORAL-MUR-TOUTAIN.jpg\" alt=\"\" class=\"wp-image-1724\" width=\"298\" height=\"397\" srcset=\"https:\/\/ferronnerie-art-normandie.com\/wp-content\/uploads\/2022\/04\/DECOR-FLORAL-MUR-TOUTAIN.jpg 612w, https:\/\/ferronnerie-art-normandie.com\/wp-content\/uploads\/2022\/04\/DECOR-FLORAL-MUR-TOUTAIN-225x300.jpg 225w\" sizes=\"(max-width: 298px) 100vw, 298px\" \/><\/a><figcaption>d\u00e9cor mural floral<\/figcaption><\/figure>\n\n\n\n<figure class=\"wp-block-image size-large is-resized\"><a href=\"http:\/\/ferronnerie-art-normandie.com\/wp-content\/uploads\/2022\/04\/LEZARD-scaled.jpg\"><img loading=\"lazy\" src=\"http:\/\/ferronnerie-art-normandie.com\/wp-content\/uploads\/2022\/04\/LEZARD-768x1024.jpg\" alt=\"\" class=\"wp-image-1726\" width=\"232\" height=\"309\" srcset=\"https:\/\/ferronnerie-art-normandie.com\/wp-content\/uploads\/2022\/04\/LEZARD-768x1024.jpg 768w, https:\/\/ferronnerie-art-normandie.com\/wp-content\/uploads\/2022\/04\/LEZARD-225x300.jpg 225w, https:\/\/ferronnerie-art-normandie.com\/wp-content\/uploads\/2022\/04\/LEZARD-1152x1536.jpg 1152w, https:\/\/ferronnerie-art-normandie.com\/wp-content\/uploads\/2022\/04\/LEZARD-1536x2048.jpg 1536w, https:\/\/ferronnerie-art-normandie.com\/wp-content\/uploads\/2022\/04\/LEZARD-scaled.jpg 1920w\" sizes=\"(max-width: 232px) 100vw, 232px\" \/><\/a><figcaption>d\u00e9cor l\u00e9zard<\/figcaption><\/figure>\n\n\n\n<figure class=\"wp-block-image size-large is-resized\"><a href=\"http:\/\/ferronnerie-art-normandie.com\/wp-content\/uploads\/2022\/04\/CROIX-6-scaled.jpg\"><img loading=\"lazy\" src=\"http:\/\/ferronnerie-art-normandie.com\/wp-content\/uploads\/2022\/04\/CROIX-6-768x1024.jpg\" alt=\"\" class=\"wp-image-1730\" width=\"305\" height=\"407\" srcset=\"https:\/\/ferronnerie-art-normandie.com\/wp-content\/uploads\/2022\/04\/CROIX-6-768x1024.jpg 768w, https:\/\/ferronnerie-art-normandie.com\/wp-content\/uploads\/2022\/04\/CROIX-6-225x300.jpg 225w, https:\/\/ferronnerie-art-normandie.com\/wp-content\/uploads\/2022\/04\/CROIX-6-1152x1536.jpg 1152w, https:\/\/ferronnerie-art-normandie.com\/wp-content\/uploads\/2022\/04\/CROIX-6-1536x2048.jpg 1536w, https:\/\/ferronnerie-art-normandie.com\/wp-content\/uploads\/2022\/04\/CROIX-6-scaled.jpg 1920w\" sizes=\"(max-width: 305px) 100vw, 305px\" \/><\/a><figcaption>croix<\/figcaption><\/figure>\n","protected":false},"excerpt":{"rendered":"<p>Des supports pour embellir vos jardins, terrasses, all\u00e9es, etc&#8230; Arbres \u00e0 fleurs, tonnelles, supports pots de fleurs, sculptures, portillons, etc&#8230;<\/p>\n","protected":false},"author":1,"featured_media":0,"parent":0,"menu_order":0,"comment_status":"closed","ping_status":"closed","template":"","meta":{"_mi_skip_tracking":false,"_monsterinsights_skip_tracking":false,"_monsterinsights_sitenote_active":false,"_monsterinsights_sitenote_note":"","_monsterinsights_sitenote_category":0},"_links":{"self":[{"href":"https:\/\/ferronnerie-art-normandie.com\/index.php?rest_route=\/wp\/v2\/pages\/35"}],"collection":[{"href":"https:\/\/ferronnerie-art-normandie.com\/index.php?rest_route=\/wp\/v2\/pages"}],"about":[{"href":"https:\/\/ferronnerie-art-normandie.com\/index.php?rest_route=\/wp\/v2\/types\/page"}],"author":[{"embeddable":true,"href":"https:\/\/ferronnerie-art-normandie.com\/index.php?rest_route=\/wp\/v2\/users\/1"}],"replies":[{"embeddable":true,"href":"https:\/\/ferronnerie-art-normandie.com\/index.php?rest_route=%2Fwp%2Fv2%2Fcomments&post=35"}],"version-history":[{"count":0,"href":"https:\/\/ferronnerie-art-normandie.com\/index.php?rest_route=\/wp\/v2\/pages\/35\/revisions"}],"wp:attachment":[{"href":"https:\/\/ferronnerie-art-normandie.com\/index.php?rest_route=%2Fwp%2Fv2%2Fmedia&parent=35"}],"curies":[{"name":"wp","href":"https:\/\/api.w.org\/{rel}","templated":true}]}}