{"id":25,"date":"2015-02-19T08:27:16","date_gmt":"2015-02-19T08:27:16","guid":{"rendered":"http:\/\/ferronnerie-art-normandie.com\/?page_id=25"},"modified":"2015-04-01T12:23:35","modified_gmt":"2015-04-01T12:23:35","slug":"restauration","status":"publish","type":"page","link":"https:\/\/ferronnerie-art-normandie.com\/?page_id=25","title":{"rendered":"Restauration"},"content":{"rendered":"<p>restauration d&rsquo;objets divers, de mobilier<\/p>\n<table>\n<tbody>\n<tr>\n<td>\n<p><div id=\"attachment_159\" style=\"width: 245px\" class=\"wp-caption alignnone\"><a href=\"http:\/\/ferronnerie-art-normandie.com\/wp-content\/uploads\/2015\/02\/ORAGE-013.jpg\"><img aria-describedby=\"caption-attachment-159\" loading=\"lazy\" class=\"size-medium wp-image-159\" src=\"http:\/\/ferronnerie-art-normandie.com\/wp-content\/uploads\/2015\/02\/ORAGE-013-235x300.jpg\" alt=\"gloriette endommag\u00e9e apr\u00e8s un orage\" width=\"235\" height=\"300\" srcset=\"https:\/\/ferronnerie-art-normandie.com\/wp-content\/uploads\/2015\/02\/ORAGE-013-235x300.jpg 235w, https:\/\/ferronnerie-art-normandie.com\/wp-content\/uploads\/2015\/02\/ORAGE-013.jpg 305w\" sizes=\"(max-width: 235px) 100vw, 235px\" \/><\/a><p id=\"caption-attachment-159\" class=\"wp-caption-text\">gloriette endommag\u00e9e apr\u00e8s un orage<\/p><\/div><\/td>\n<td>\n<p><div id=\"attachment_183\" style=\"width: 235px\" class=\"wp-caption alignnone\"><a href=\"http:\/\/ferronnerie-art-normandie.com\/wp-content\/uploads\/2015\/02\/GLORIETTE-CHRISTIAN-005.jpg\"><img aria-describedby=\"caption-attachment-183\" loading=\"lazy\" class=\"size-medium wp-image-183\" src=\"http:\/\/ferronnerie-art-normandie.com\/wp-content\/uploads\/2015\/02\/GLORIETTE-CHRISTIAN-005-225x300.jpg\" alt=\"gloriette restaur\u00e9e par Le Val\u00e9gant Cr\u00e9ation\" width=\"225\" height=\"300\" srcset=\"https:\/\/ferronnerie-art-normandie.com\/wp-content\/uploads\/2015\/02\/GLORIETTE-CHRISTIAN-005-225x300.jpg 225w, https:\/\/ferronnerie-art-normandie.com\/wp-content\/uploads\/2015\/02\/GLORIETTE-CHRISTIAN-005.jpg 360w\" sizes=\"(max-width: 225px) 100vw, 225px\" \/><\/a><p id=\"caption-attachment-183\" class=\"wp-caption-text\">gloriette restaur\u00e9e par Le Val\u00e9gant Cr\u00e9ation<\/p><\/div><\/td>\n<\/tr>\n<\/tbody>\n<\/table>\n","protected":false},"excerpt":{"rendered":"<p>restauration d&rsquo;objets divers, de mobilier<\/p>\n","protected":false},"author":1,"featured_media":0,"parent":0,"menu_order":0,"comment_status":"closed","ping_status":"closed","template":"","meta":{"_mi_skip_tracking":false,"_monsterinsights_skip_tracking":false,"_monsterinsights_sitenote_active":false,"_monsterinsights_sitenote_note":"","_monsterinsights_sitenote_category":0},"_links":{"self":[{"href":"https:\/\/ferronnerie-art-normandie.com\/index.php?rest_route=\/wp\/v2\/pages\/25"}],"collection":[{"href":"https:\/\/ferronnerie-art-normandie.com\/index.php?rest_route=\/wp\/v2\/pages"}],"about":[{"href":"https:\/\/ferronnerie-art-normandie.com\/index.php?rest_route=\/wp\/v2\/types\/page"}],"author":[{"embeddable":true,"href":"https:\/\/ferronnerie-art-normandie.com\/index.php?rest_route=\/wp\/v2\/users\/1"}],"replies":[{"embeddable":true,"href":"https:\/\/ferronnerie-art-normandie.com\/index.php?rest_route=%2Fwp%2Fv2%2Fcomments&post=25"}],"version-history":[{"count":0,"href":"https:\/\/ferronnerie-art-normandie.com\/index.php?rest_route=\/wp\/v2\/pages\/25\/revisions"}],"wp:attachment":[{"href":"https:\/\/ferronnerie-art-normandie.com\/index.php?rest_route=%2Fwp%2Fv2%2Fmedia&parent=25"}],"curies":[{"name":"wp","href":"https:\/\/api.w.org\/{rel}","templated":true}]}}