{"id":10,"date":"2015-02-17T10:54:06","date_gmt":"2015-02-17T10:54:06","guid":{"rendered":"http:\/\/ferronnerie-art-normandie.com\/?page_id=10"},"modified":"2015-04-01T12:23:12","modified_gmt":"2015-04-01T12:23:12","slug":"nos-services","status":"publish","type":"page","link":"https:\/\/ferronnerie-art-normandie.com\/?page_id=10","title":{"rendered":"Nos services"},"content":{"rendered":"<p>Je me d\u00e9place \u00e0 votre domicile sur le secteur de la Normandie et de la R\u00e9gion Parisienne.<\/p>\n<p>Possibilit\u00e9 de r\u00e9aliser des croquis selon les projets pour donner de la visibilit\u00e9 au projet du client.<\/p>\n<p>Devis gratuit.<\/p>\n<p>Travail sur site ou en atelier selon les besoins.<\/p>\n<p>N&rsquo;h\u00e9sitez pas \u00e0 me contacter m\u00eame si votre projet semble irr\u00e9alisable; chaque demande m\u00e9rite d&rsquo;\u00eatre \u00e9tudi\u00e9e avec soin!<\/p>\n<p>A tr\u00e8s bient\u00f4t!<\/p>\n","protected":false},"excerpt":{"rendered":"<p>Je me d\u00e9place \u00e0 votre domicile sur le secteur de la Normandie et de la R\u00e9gion Parisienne. Possibilit\u00e9 de r\u00e9aliser des croquis selon les projets pour donner de la visibilit\u00e9 au projet du client. Devis gratuit. Travail sur site ou en atelier selon les besoins. N&rsquo;h\u00e9sitez pas \u00e0 me contacter m\u00eame si votre projet semble irr\u00e9alisable; chaque demande m\u00e9rite d&rsquo;\u00eatre \u00e9tudi\u00e9e avec soin! A tr\u00e8s bient\u00f4t!<\/p>\n","protected":false},"author":1,"featured_media":0,"parent":0,"menu_order":0,"comment_status":"closed","ping_status":"closed","template":"","meta":{"_mi_skip_tracking":false,"_monsterinsights_skip_tracking":false,"_monsterinsights_sitenote_active":false,"_monsterinsights_sitenote_note":"","_monsterinsights_sitenote_category":0},"_links":{"self":[{"href":"https:\/\/ferronnerie-art-normandie.com\/index.php?rest_route=\/wp\/v2\/pages\/10"}],"collection":[{"href":"https:\/\/ferronnerie-art-normandie.com\/index.php?rest_route=\/wp\/v2\/pages"}],"about":[{"href":"https:\/\/ferronnerie-art-normandie.com\/index.php?rest_route=\/wp\/v2\/types\/page"}],"author":[{"embeddable":true,"href":"https:\/\/ferronnerie-art-normandie.com\/index.php?rest_route=\/wp\/v2\/users\/1"}],"replies":[{"embeddable":true,"href":"https:\/\/ferronnerie-art-normandie.com\/index.php?rest_route=%2Fwp%2Fv2%2Fcomments&post=10"}],"version-history":[{"count":0,"href":"https:\/\/ferronnerie-art-normandie.com\/index.php?rest_route=\/wp\/v2\/pages\/10\/revisions"}],"wp:attachment":[{"href":"https:\/\/ferronnerie-art-normandie.com\/index.php?rest_route=%2Fwp%2Fv2%2Fmedia&parent=10"}],"curies":[{"name":"wp","href":"https:\/\/api.w.org\/{rel}","templated":true}]}}